{"id":2,"date":"2024-09-24T21:30:25","date_gmt":"2024-09-24T19:30:25","guid":{"rendered":"https:\/\/ptdhaslinger-20433.php.fhstp.cc\/?page_id=2"},"modified":"2024-11-14T17:39:23","modified_gmt":"2024-11-14T16:39:23","slug":"ueber-mich","status":"publish","type":"page","link":"https:\/\/praxisnovy.com\/index.php\/ueber-mich\/","title":{"rendered":"\u00dcber mich"},"content":{"rendered":"\n<p><\/p>\n\n\n\n<div class=\"wp-block-columns is-layout-flex wp-container-core-columns-is-layout-28f84493 wp-block-columns-is-layout-flex\">\n<div class=\"wp-block-column is-layout-flow wp-block-column-is-layout-flow\" style=\"flex-basis:33.33%\">\n<p><img loading=\"lazy\" decoding=\"async\" width=\"350\" height=\"468\" class=\"wp-image-13\" style=\"width: 350px;\" src=\"https:\/\/ptdhaslinger-20433.php.fhstp.cc\/wp-content\/uploads\/2024\/11\/GEKO5228.png\" alt=\"\" srcset=\"https:\/\/praxisnovy.com\/wp-content\/uploads\/2024\/11\/GEKO5228.png 488w, https:\/\/praxisnovy.com\/wp-content\/uploads\/2024\/11\/GEKO5228-225x300.png 225w\" sizes=\"auto, (max-width: 350px) 100vw, 350px\" \/><\/p>\n<\/div>\n\n\n\n<div class=\"wp-block-column is-layout-flow wp-block-column-is-layout-flow\" style=\"flex-basis:66.66%\">\n<p>Psychotherapie in der Praxis hat durch die Pers\u00f6nlichkeit der\/des TherapeutIn und der\/des PatientIn immer eine individuelle Note. Ich bin der Meinung, dass die therapeutische Behandlung immer eine zwischenmenschliche Begegnung voraussetzt und die Betrachtung der individuellen Situation.<\/p>\n\n\n\n<p>Nach meinem Pflichtschulabschluss, besuchte ich die Bundes- Bildungsanstalt f\u00fcr Sozialp\u00e4dagogik. Meine berufliche T\u00e4tigkeit als Sozialp\u00e4dagogin startete in Einrichtungen der schulischen Nachmittagsbetreuung und der Jugendwohlfahrt Nieder\u00f6sterreich und Wien. <\/p>\n\n\n\n<p>Sp\u00e4ter wechselte ich zur &#8218;Beruflichen Integration&#8216; und arbeitete im arbeitsrehabilitativen Bereich mit psychisch erkrankten Jugendlichen und Erwachsenen.&nbsp;<\/p>\n\n\n\n<p><\/p>\n<\/div>\n<\/div>\n\n\n\n<div class=\"wp-block-columns is-layout-flex wp-container-core-columns-is-layout-28f84493 wp-block-columns-is-layout-flex\">\n<div class=\"wp-block-column is-layout-flow wp-block-column-is-layout-flow\" style=\"flex-basis:33.33%\">\n<figure class=\"wp-block-image size-full\"><img loading=\"lazy\" decoding=\"async\" width=\"740\" height=\"632\" src=\"https:\/\/ptdhaslinger-20433.php.fhstp.cc\/wp-content\/uploads\/2024\/11\/GEKO5022.png\" alt=\"\" class=\"wp-image-21\" srcset=\"https:\/\/praxisnovy.com\/wp-content\/uploads\/2024\/11\/GEKO5022.png 740w, https:\/\/praxisnovy.com\/wp-content\/uploads\/2024\/11\/GEKO5022-300x256.png 300w\" sizes=\"auto, (max-width: 740px) 100vw, 740px\" \/><\/figure>\n<\/div>\n\n\n\n<div class=\"wp-block-column is-layout-flow wp-block-column-is-layout-flow\" style=\"flex-basis:66.66%\">\n<p>W\u00e4hrend meiner Ausbildung zur Sozialp\u00e4dagogin erfuhr ich von der Maltherapie\/Kunsttherapie und wenig sp\u00e4ter von der Logotherapie und Existenzanalyse. <\/p>\n\n\n\n<p>Die Logotherapie und Existenzanalyse definiert den Mensch als sinnsuchendes Wesen. Dieser und weitere Gedanken brachten mich dazu, heute als Weiterbildungstherapeutin sowie als Psychotherapeutin in meiner eigenen Praxis in St. P\u00f6lten zu arbeiten.<\/p>\n<\/div>\n<\/div>\n\n\n\n<div class=\"wp-block-columns is-layout-flex wp-container-core-columns-is-layout-28f84493 wp-block-columns-is-layout-flex\">\n<div class=\"wp-block-column is-layout-flow wp-block-column-is-layout-flow\" style=\"flex-basis:33.33%\">\n<figure class=\"wp-block-image size-large\"><img loading=\"lazy\" decoding=\"async\" width=\"683\" height=\"1024\" src=\"https:\/\/ptdhaslinger-20433.php.fhstp.cc\/wp-content\/uploads\/2024\/11\/GEKO5087-683x1024.png\" alt=\"\" class=\"wp-image-25\" srcset=\"https:\/\/praxisnovy.com\/wp-content\/uploads\/2024\/11\/GEKO5087-683x1024.png 683w, https:\/\/praxisnovy.com\/wp-content\/uploads\/2024\/11\/GEKO5087-200x300.png 200w, https:\/\/praxisnovy.com\/wp-content\/uploads\/2024\/11\/GEKO5087-768x1152.png 768w, https:\/\/praxisnovy.com\/wp-content\/uploads\/2024\/11\/GEKO5087.png 800w\" sizes=\"auto, (max-width: 683px) 100vw, 683px\" \/><\/figure>\n<\/div>\n\n\n\n<div class=\"wp-block-column is-layout-flow wp-block-column-is-layout-flow\" style=\"flex-basis:66.66%\">\n<p>Therapie erlaubt es dem\/der PatientIn seine nat\u00fcrliche, menscheneigene Art zu st\u00e4rken und wiederzufinden und somit einen gesunden Umgang mit sich selbst und seiner Umwelt zu finden und zu gestalten. Ich halte die Maltherapie und das Malen f\u00fcr eine M\u00f6glichkeit, sich in der Auseinandersetzung mit Bildern zu schulen und so seine pers\u00f6nlichen Zug\u00e4nge oder Herangehensweisen kennenzulernen und seine Ausdrucksf\u00e4higkeit zu st\u00e4rken.<\/p>\n\n\n\n<p>In der Logotherapie sollen die intuitiven, sozialen, kognitiv und kreativ-geistigen F\u00e4higkeiten des Menschen durch Erkennen und Umsetzen sinnvoller L\u00f6sungen gest\u00e4rkt und weiterentwickelt werden. Die personale Begegnung, klienten-gerechte Ethik und die logotherapeutische Haltung sind f\u00fcr mich und meine Arbeit sehr stimmig und wenn von der Patientin\/ vom Patient gew\u00fcnscht, wunderbar mit maltherapeutischen Methoden kombinierbar.<\/p>\n<\/div>\n<\/div>\n\n\n\n<div class=\"wp-block-columns is-layout-flex wp-container-core-columns-is-layout-28f84493 wp-block-columns-is-layout-flex\">\n<div class=\"wp-block-column is-layout-flow wp-block-column-is-layout-flow\" style=\"flex-basis:33.33%\">\n<figure class=\"wp-block-image size-full\"><img loading=\"lazy\" decoding=\"async\" width=\"516\" height=\"388\" src=\"https:\/\/ptdhaslinger-20433.php.fhstp.cc\/wp-content\/uploads\/2024\/11\/20220503_193450.png\" alt=\"\" class=\"wp-image-27\" srcset=\"https:\/\/praxisnovy.com\/wp-content\/uploads\/2024\/11\/20220503_193450.png 516w, https:\/\/praxisnovy.com\/wp-content\/uploads\/2024\/11\/20220503_193450-300x226.png 300w\" sizes=\"auto, (max-width: 516px) 100vw, 516px\" \/><\/figure>\n<\/div>\n\n\n\n<div class=\"wp-block-column is-layout-flow wp-block-column-is-layout-flow\" style=\"flex-basis:66.66%\">\n<p><br>Ich bin selbst Mama, Schwester, Tante, Cousine, Tochter, Nichte, Enkel, Katzen- Mami (und vieles mehr).<\/p>\n\n\n\n<p><br>Vor allem aber bin ich Mensch, und wei\u00df dass Lehrbuch und Leben oft zwei oder mehr Paar Schuhe sind.<\/p>\n<\/div>\n<\/div>\n\n\n\n<p><\/p>\n\n\n\n<h1 class=\"wp-block-heading\">Meine Ausbildung<\/h1>\n\n\n\n<p><strong>S\u00e4uglings-, Kinder- und Jugendlichenpsychotherapeutin<\/strong><br>Abile Ausbildungsinstitut f\u00fcr Existenzanalyse und Logotherapie<br><em>2022<\/em><\/p>\n\n\n\n<p><strong>Psychotherapeutin<\/strong><br>Abile Ausbildungsinstitut f\u00fcr Existenzanalyse und Logotherapie<br>in Kooperation mit Donau-Universit\u00e4t Krems<br><em>2018<\/em> <br><br><strong>Maltherapeutin<\/strong><br>Mal- und Gestaltungstherapie Institut Wien<br><em>2014<\/em><br><br><strong>Sozialp\u00e4dagogin<\/strong><br>BBA f\u00fcr Sozialp\u00e4dagogik St. P\u00f6lten<br><em>2010<\/em><\/p>\n\n\n\n<p><\/p>\n\n\n\n<h1 class=\"wp-block-heading\">Meine Philosophie<\/h1>\n\n\n\n<p>In der therapeutischen Arbeit m\u00f6chte ich auf den Menschen und dessen pers\u00f6nliche\u00a0Werte eingehen.<br>So kann ich\u00a0ihn\u00a0als Partner beim Ausbau oder\u00a0bei der Wiedererlangung eines sinn- und wertvoll empfundenen Lebens, der St\u00e4rkung der Beziehungs-,\u00a0Liebes- und Arbeitsf\u00e4higkeit und im sinnvollen Umgang mit Leiderfahrungen begleiten.<\/p>\n","protected":false},"excerpt":{"rendered":"<p>Psychotherapie in der Praxis hat durch die Pers\u00f6nlichkeit der\/des TherapeutIn und der\/des PatientIn immer eine individuelle Note. Ich bin der Meinung, dass die therapeutische Behandlung immer eine zwischenmenschliche Begegnung voraussetzt und die Betrachtung der individuellen Situation. Nach meinem Pflichtschulabschluss, besuchte ich die Bundes- Bildungsanstalt f\u00fcr Sozialp\u00e4dagogik. Meine berufliche T\u00e4tigkeit als Sozialp\u00e4dagogin startete in Einrichtungen der [&hellip;]<\/p>\n","protected":false},"author":1,"featured_media":0,"parent":0,"menu_order":0,"comment_status":"closed","ping_status":"open","template":"","meta":{"footnotes":""},"class_list":["post-2","page","type-page","status-publish","hentry"],"_links":{"self":[{"href":"https:\/\/praxisnovy.com\/index.php\/wp-json\/wp\/v2\/pages\/2","targetHints":{"allow":["GET"]}}],"collection":[{"href":"https:\/\/praxisnovy.com\/index.php\/wp-json\/wp\/v2\/pages"}],"about":[{"href":"https:\/\/praxisnovy.com\/index.php\/wp-json\/wp\/v2\/types\/page"}],"author":[{"embeddable":true,"href":"https:\/\/praxisnovy.com\/index.php\/wp-json\/wp\/v2\/users\/1"}],"replies":[{"embeddable":true,"href":"https:\/\/praxisnovy.com\/index.php\/wp-json\/wp\/v2\/comments?post=2"}],"version-history":[{"count":9,"href":"https:\/\/praxisnovy.com\/index.php\/wp-json\/wp\/v2\/pages\/2\/revisions"}],"predecessor-version":[{"id":33,"href":"https:\/\/praxisnovy.com\/index.php\/wp-json\/wp\/v2\/pages\/2\/revisions\/33"}],"wp:attachment":[{"href":"https:\/\/praxisnovy.com\/index.php\/wp-json\/wp\/v2\/media?parent=2"}],"curies":[{"name":"wp","href":"https:\/\/api.w.org\/{rel}","templated":true}]}}