{"id":29,"date":"2024-11-06T21:03:43","date_gmt":"2024-11-06T20:03:43","guid":{"rendered":"https:\/\/ptdhaslinger-20433.php.fhstp.cc\/?page_id=29"},"modified":"2024-11-07T11:25:12","modified_gmt":"2024-11-07T10:25:12","slug":"psychotherapie","status":"publish","type":"page","link":"https:\/\/praxisnovy.com\/index.php\/psychotherapie\/","title":{"rendered":"Psychotherapie"},"content":{"rendered":"\n<p>Wann Psychotherapie hilfreich sein kann:<\/p>\n\n\n\n<ul class=\"wp-block-list\">\n<li><strong>\u200b<\/strong>Sie haben Schmerzen, Schlafst\u00f6rungen, Schwindel, Herzrhythmusst\u00f6rungen oder andere k\u00f6rperlichen Beschwerden und der Arzt kann keine k\u00f6rperliche Ursache feststellen.<\/li>\n\n\n\n<li>Seit l\u00e4ngerer Zeit halten Sie sich nur noch mit Aufputsch-, Beruhigungs- oder Schlafmitteln (Psychopharmaka) aufrecht.<\/li>\n\n\n\n<li>Ohne ersichtlichen Grund bekommen Sie rasend Herzklopfen und Angst, dass Sie sterben m\u00fcssen.<\/li>\n\n\n\n<li>Sie haben \u00c4ngste, die Sie belasten oder einschr\u00e4nken: z. B. vor dem Kontakt mit Ihren Mitmenschen, vor Autorit\u00e4ten, vor gro\u00dfen Pl\u00e4tzen, vor engen R\u00e4umen, vor Pr\u00fcfungen.<\/li>\n\n\n\n<li>Es plagen Sie oft Gedanken, \u00fcber die Sie mit niemandem zu sprechen wagen (Scham- und Schuldgef\u00fchle, Hassgef\u00fchle, Unzul\u00e4nglichkeitsgef\u00fchle, das Gef\u00fchl, verfolgt oder fremdbestimmt zu werden etc).<\/li>\n\n\n\n<li>Sie f\u00fchlen sich antriebs- und lustlos, ersch\u00f6pft oder st\u00e4ndig \u00fcberfordert.<\/li>\n\n\n\n<li>Sie sind oft niedergeschlagen und habe keine Freude am Leben.<\/li>\n\n\n\n<li>Sie sind traurig und vereinsamt.<\/li>\n\n\n\n<li>Sie befinden sich in einer belastenden Umbruchsituation (z. B. schwere Krankheit, Tod, Arbeitslosigkeit, Scheidung, Trennung, Unfall etc), die schwer zu bew\u00e4ltigen ist.<\/li>\n\n\n\n<li>Sie denken manchmal an Selbstmord und\/oder Ihr Leidensdruck ist so gro\u00df.<\/li>\n\n\n\n<li>Sie leben in einer Beziehung, die Sie sehr belastet.<\/li>\n\n\n\n<li>Sie f\u00fchlen sich durch Ihre Kinder dauerhaft \u00fcberfordert.<\/li>\n\n\n\n<li>Sie haben wiederkehrend gro\u00dfe Probleme im Kontakt mit anderen Menschen (z. B. am Arbeitsplatz).<\/li>\n\n\n\n<li>Sie sind s\u00fcchtig &#8211; nach Alkohol, Drogen, Essen, Hunger, Liebe, Spielen.<\/li>\n\n\n\n<li>Sie f\u00fchlen sich innerlich gezwungen, st\u00e4ndig dasselbe zu denken oder zu tun (z. B. zwanghaftes Waschen, Zusperren, Gr\u00fcbeln u.\u00e4.), obwohl dies ein Leben sehr einengt.<\/li>\n\n\n\n<li>Sie kommen mit Ihrer Sexualit\u00e4t nicht zurecht.<\/li>\n\n\n\n<li>Sie haben Angst vor Entscheidungen.<\/li>\n<\/ul>\n\n\n\n<h2 class=\"wp-block-heading\">Psychotherapie hilft bei<\/h2>\n\n\n\n<ul class=\"wp-block-list\">\n<li>belastenden Lebenssituationen und Lebenskrisen<\/li>\n\n\n\n<li>Problemen und Krisen in Schule,\u00a0Beruf,\u00a0Partnerschaft oder Familie.<\/li>\n\n\n\n<li>\u00c4ngsten<\/li>\n\n\n\n<li>belastenden Zwangsgedanken und Zwangshandlungen<\/li>\n\n\n\n<li>Depressionen<\/li>\n\n\n\n<li>S\u00fcchten<\/li>\n\n\n\n<li>psychosomatischen oder psychiatrischen Erkrankungen<\/li>\n\n\n\n<li>funktionellen St\u00f6rungen<\/li>\n<\/ul>\n\n\n\n<p><\/p>\n\n\n\n<p class=\"has-superbfont-xxsmall-font-size\">(Quelle: <a href=\"https:\/\/www.psychotherapie.at\/patientinnen\/ueber-psychotherapie\/brauche-ich-eine-psychotherapie\">\u00d6BVP<\/a>)<\/p>\n\n\n\n<h2 class=\"wp-block-heading\">Was ist Psychotherapie?<\/h2>\n\n\n\n<p>Psychotherapie kann heilend, lindernd, gesundheitsf\u00f6rdernd, vorbeugend&nbsp;und pers\u00f6nlichkeitsentwickelnd wirken.<\/p>\n\n\n\n<p>Belegte Wirkfaktoren sind einf\u00fchlendes Verstehen, emotionale Annahme und St\u00fctze durch den \/ die PsychotherapeuIn.<\/p>\n\n\n\n<p>Dar\u00fcber hinaus wirkt Psychotherapie durch die F\u00f6rderung des emotionalen Ausdrucks,&nbsp;von Einsichts- und Sinnerleben,&nbsp;kommunikativer Kompetenz und Beziehungsf\u00e4higkeit, Lernprozessen und Interessen;&nbsp;<\/p>\n\n\n\n<p>ebenso durch die F\u00f6rderung kreativer Erlebnism\u00f6glichkeiten sowie die Erarbeitung von positiven Zukunftsperspektiven.<\/p>\n\n\n\n<p>Sehr entscheidend sind auch die F\u00f6rderung eines positiven, pers\u00f6nlichen Wertbezuges sowie die F\u00f6rderung tragf\u00e4higer sozialer Netzwerke und Erfahrungen der Zusammengeh\u00f6rigkeit.<\/p>\n\n\n\n<p class=\"has-superbfont-xxsmall-font-size\">(Quelle: Donau-Universit\u00e4t Krems)<\/p>\n\n\n\n<h2 class=\"wp-block-heading\">Logotherapie<\/h2>\n\n\n\n<p><em>&#8222;Logos&#8220;<\/em> bedeutet im Zusammenhang mit der Logotherapie <em>&#8222;Sinn&#8220;<\/em>. <\/p>\n\n\n\n<p>Logotherapie hei\u00dft also nicht, da\u00df man etwa versucht, die Patienten mit logischen Argumenten zu \u00fcberzeugen; vielmehr sucht man ihnen zielorientiert und methodisch bei der eigenen Sinn-Findung zu helfen.\u00a0<\/p>\n\n\n\n<p>Die Logotherapie ist die angewandte Psychotherapie auf Grundlage des von Viktor Frankl entwickelten psychologischen Modells.<\/p>\n\n\n\n<h2 class=\"wp-block-heading\">Existenzanalyse<\/h2>\n\n\n\n<p>Existenzanalyse ist einerseits eine der Logotherapie zugrundeliegende Forschungsrichtung, andererseits selbst Teil des therapeutischen Prozesses.&nbsp;<br><br>Grunds\u00e4tzlich bedeutet Existenzanalyse: Analyse auf Existenz hin, das heisst auf ein eigenverantwortetes, selbstgestaltetes und menschenw\u00fcrdiges Leben hin.&nbsp;<br><br>In der &#8222;allgemeinen Existenzanalyse&#8220; wird das Sinnbed\u00fcrfnis des Menschen als wichtige Grundmotivation sowie die grunds\u00e4tzliche M\u00f6glichkeit der Sinnfindung im menschlichen Leben er\u00f6rtert. Auf diese Weise wird die therapeutische Wirkung einer gelingenden Sinnfindung erkl\u00e4rt und begr\u00fcndet.&nbsp;<br><br>In der &#8222;speziellen Existenzanalyse&#8220; wird das konkrete, individuelle Leben eines Patienten, eines Klienten oder einer Gruppe auf die m\u00f6glichen existentiellen Wurzeln einer seelischen Erkrankung hin durchleuchtet. Damit erstellt sie die Grundlage f\u00fcr eine Logotherapie als angemessener, spezifischer Therapie &#8222;vom Existentiellen&#8220; her. Der therapeutische Aspekt der Existenzanalyse liegt also in der Erhellung der konkreten existentiellen Situation und der Vorbereitung der Unterst\u00fctzung bei der &#8211; selbst\u00e4ndigen &#8211; Sinnfindung.<\/p>\n\n\n\n<p class=\"has-superbfont-xxsmall-font-size\">(Quelle: Viktor Frankl Institut)<\/p>\n\n\n\n<h2 class=\"wp-block-heading\">Mal- und Gestaltungstherapie<\/h2>\n\n\n\n<p>Mal- und Gestaltungstherapie ist eine kunsttherapeutische Therapieform. Sie versteht sich als tiefenpsychologische Therapiemethode. Ihr Schwerpunkt liegt im Einsatz von bildnerischen Medien (Malen und Gestalten). Wir haben jedoch keinen k\u00fcnstlerischen Anspruch.<\/p>\n\n\n\n<p>Mal- und Gestaltungstherapie ist kein Ersatz f\u00fcr eine \u00e4rztliche oder psychotherapeutische Krankenbehandlung. Sie kann jedoch innerhalb eines klinischen Kontextes eine wertvolle begleitende Therapiema\u00dfnahme sein.<\/p>\n\n\n\n<p>\u200b<\/p>\n\n\n\n<p>Die Mal- und Gestaltungstherapie erm\u00f6glicht KlientInnen:<\/p>\n\n\n\n<ul class=\"wp-block-list\">\n<li>ihren Gef\u00fchlen einen bildnerischen Ausdruck zu geben<\/li>\n\n\n\n<li>deren psychische Selbstregulationsprozesse und Ressourcen zu aktivieren<\/li>\n\n\n\n<li>\u00fcber die Bilder und Gestaltungen symbolische Hinweise auf psychisch und psychosozial bedingte Ursachen von St\u00f6rungen und Erkrankungen zu finden<\/li>\n\n\n\n<li>einen neuen Umgang und eine neue Haltung in Bezug zur eigenen Krise bzw. Erkrankung einzu\u00fcben<\/li>\n<\/ul>\n\n\n\n<p class=\"has-superbfont-xxsmall-font-size\">(Quelle: MGT- Seminarinstitut)<\/p>\n","protected":false},"excerpt":{"rendered":"<p>Wann Psychotherapie hilfreich sein kann: Psychotherapie hilft bei (Quelle: \u00d6BVP) Was ist Psychotherapie? Psychotherapie kann heilend, lindernd, gesundheitsf\u00f6rdernd, vorbeugend&nbsp;und pers\u00f6nlichkeitsentwickelnd wirken. Belegte Wirkfaktoren sind einf\u00fchlendes Verstehen, emotionale Annahme und St\u00fctze durch den \/ die PsychotherapeuIn. Dar\u00fcber hinaus wirkt Psychotherapie durch die F\u00f6rderung des emotionalen Ausdrucks,&nbsp;von Einsichts- und Sinnerleben,&nbsp;kommunikativer Kompetenz und Beziehungsf\u00e4higkeit, Lernprozessen und Interessen;&nbsp; ebenso [&hellip;]<\/p>\n","protected":false},"author":1,"featured_media":64,"parent":0,"menu_order":0,"comment_status":"closed","ping_status":"closed","template":"","meta":{"footnotes":""},"class_list":["post-29","page","type-page","status-publish","has-post-thumbnail","hentry"],"_links":{"self":[{"href":"https:\/\/praxisnovy.com\/index.php\/wp-json\/wp\/v2\/pages\/29","targetHints":{"allow":["GET"]}}],"collection":[{"href":"https:\/\/praxisnovy.com\/index.php\/wp-json\/wp\/v2\/pages"}],"about":[{"href":"https:\/\/praxisnovy.com\/index.php\/wp-json\/wp\/v2\/types\/page"}],"author":[{"embeddable":true,"href":"https:\/\/praxisnovy.com\/index.php\/wp-json\/wp\/v2\/users\/1"}],"replies":[{"embeddable":true,"href":"https:\/\/praxisnovy.com\/index.php\/wp-json\/wp\/v2\/comments?post=29"}],"version-history":[{"count":1,"href":"https:\/\/praxisnovy.com\/index.php\/wp-json\/wp\/v2\/pages\/29\/revisions"}],"predecessor-version":[{"id":31,"href":"https:\/\/praxisnovy.com\/index.php\/wp-json\/wp\/v2\/pages\/29\/revisions\/31"}],"wp:featuredmedia":[{"embeddable":true,"href":"https:\/\/praxisnovy.com\/index.php\/wp-json\/wp\/v2\/media\/64"}],"wp:attachment":[{"href":"https:\/\/praxisnovy.com\/index.php\/wp-json\/wp\/v2\/media?parent=29"}],"curies":[{"name":"wp","href":"https:\/\/api.w.org\/{rel}","templated":true}]}}