{"id":34,"date":"2024-11-06T21:20:54","date_gmt":"2024-11-06T20:20:54","guid":{"rendered":"https:\/\/ptdhaslinger-20433.php.fhstp.cc\/?page_id=34"},"modified":"2024-11-06T21:20:54","modified_gmt":"2024-11-06T20:20:54","slug":"kontakt","status":"publish","type":"page","link":"https:\/\/praxisnovy.com\/index.php\/kontakt\/","title":{"rendered":"Kontakt"},"content":{"rendered":"\n<p><\/p>\n\n\n\n<div class=\"wp-block-columns alignwide is-layout-flex wp-container-core-columns-is-layout-28f84493 wp-block-columns-is-layout-flex\">\n<div class=\"wp-block-column is-layout-flow wp-block-column-is-layout-flow\" style=\"flex-basis:25%\"><\/div>\n\n\n\n<div class=\"wp-block-column is-layout-flow wp-block-column-is-layout-flow\" style=\"flex-basis:50%\">\n<p class=\"has-text-align-center has-superbfont-medium-font-size\">Wenn Sie Fragen haben oder weitere Informationen zu meinen Angeboten ben\u00f6tigen, kontaktieren Sie mich gerne.<\/p>\n\n\n\n<p class=\"has-text-align-center has-superbfont-medium-font-size\">Ich melde mich so schnell wie m\u00f6glich.<\/p>\n<\/div>\n\n\n\n<div class=\"wp-block-column is-layout-flow wp-block-column-is-layout-flow\" style=\"flex-basis:25%\"><\/div>\n<\/div>\n\n\n\n<p><\/p>\n\n\n\n<div class=\"wp-block-columns is-layout-flex wp-container-core-columns-is-layout-28f84493 wp-block-columns-is-layout-flex\">\n<div class=\"wp-block-column is-layout-flow wp-block-column-is-layout-flow\" style=\"flex-basis:25%\"><\/div>\n\n\n\n<div class=\"wp-block-column is-layout-flow wp-block-column-is-layout-flow\" style=\"flex-basis:50%\">\n<p class=\"has-text-align-center has-superbfont-medium-font-size\"><strong>Monique Haslinger, MSc.<br><\/strong>Pachmanngasse 3<br>3100 St. P\u00f6lten<\/p>\n\n\n\n<p class=\"has-text-align-center has-superbfont-medium-font-size\"><strong>Telefon:<\/strong> +43 680 321 654 9<br><strong>eMail:<\/strong> <a href=\"mailto:praxis.haslinger@gmail.com\">praxis.haslinger@gmail.com<\/a><\/p>\n<\/div>\n\n\n\n<div class=\"wp-block-column is-layout-flow wp-block-column-is-layout-flow\" style=\"flex-basis:25%\"><\/div>\n<\/div>\n","protected":false},"excerpt":{"rendered":"<p>Wenn Sie Fragen haben oder weitere Informationen zu meinen Angeboten ben\u00f6tigen, kontaktieren Sie mich gerne. Ich melde mich so schnell wie m\u00f6glich. Monique Haslinger, MSc.Pachmanngasse 33100 St. P\u00f6lten Telefon: +43 680 321 654 9eMail: praxis.haslinger@gmail.com<\/p>\n","protected":false},"author":1,"featured_media":0,"parent":0,"menu_order":0,"comment_status":"closed","ping_status":"closed","template":"","meta":{"footnotes":""},"class_list":["post-34","page","type-page","status-publish","hentry"],"_links":{"self":[{"href":"https:\/\/praxisnovy.com\/index.php\/wp-json\/wp\/v2\/pages\/34","targetHints":{"allow":["GET"]}}],"collection":[{"href":"https:\/\/praxisnovy.com\/index.php\/wp-json\/wp\/v2\/pages"}],"about":[{"href":"https:\/\/praxisnovy.com\/index.php\/wp-json\/wp\/v2\/types\/page"}],"author":[{"embeddable":true,"href":"https:\/\/praxisnovy.com\/index.php\/wp-json\/wp\/v2\/users\/1"}],"replies":[{"embeddable":true,"href":"https:\/\/praxisnovy.com\/index.php\/wp-json\/wp\/v2\/comments?post=34"}],"version-history":[{"count":1,"href":"https:\/\/praxisnovy.com\/index.php\/wp-json\/wp\/v2\/pages\/34\/revisions"}],"predecessor-version":[{"id":35,"href":"https:\/\/praxisnovy.com\/index.php\/wp-json\/wp\/v2\/pages\/34\/revisions\/35"}],"wp:attachment":[{"href":"https:\/\/praxisnovy.com\/index.php\/wp-json\/wp\/v2\/media?parent=34"}],"curies":[{"name":"wp","href":"https:\/\/api.w.org\/{rel}","templated":true}]}}