{"id":37,"date":"2024-11-06T21:26:32","date_gmt":"2024-11-06T20:26:32","guid":{"rendered":"https:\/\/ptdhaslinger-20433.php.fhstp.cc\/?page_id=37"},"modified":"2026-03-27T21:37:05","modified_gmt":"2026-03-27T20:37:05","slug":"impressum","status":"publish","type":"page","link":"https:\/\/praxisnovy.com\/index.php\/impressum\/","title":{"rendered":"Impressum"},"content":{"rendered":"\n<p>Meine T\u00e4tigkeit unterliegt den gesetzlichen Bestimmungen des&nbsp;<a href=\"https:\/\/www.ris.bka.gv.at\/GeltendeFassung.wxe?Abfrage=Bundesnormen&amp;Gesetzesnummer=10010620&amp;ShowPrintPreview=false\" target=\"_blank\" rel=\"noreferrer noopener\">Psychotherapiegesetzes<\/a>.<\/p>\n\n\n\n<p>Ich bin Mitglied bei:<a href=\"https:\/\/www.oegwg.at\/\" target=\"_blank\" rel=\"noreferrer noopener\">\u200b<\/a><\/p>\n\n\n\n<ul class=\"wp-block-list\">\n<li><a href=\"https:\/\/vpa.at\/\" target=\"_blank\" rel=\"noreferrer noopener nofollow\">VPA &#8211; Verein f\u00fcr psychosoziale und psychotherapeutische Aus-, Fort- und Weiterbildung<\/a><\/li>\n<\/ul>\n\n\n\n<p><\/p>\n\n\n\n<h3 class=\"wp-block-heading\">Inhaltliche Orientierung<\/h3>\n\n\n\n<p>Ziel dieser Webseite ist die Information Interessierter \u00fcber die Dienstleistungsangebote von Monique Haslinger, MSc im Bereich Psychotherapie.<\/p>\n\n\n\n<h3 class=\"wp-block-heading\">F\u00fcr den Inhalt verantwortlich<\/h3>\n\n\n\n<p>Monique Haslinger, MSc<br>Pachmanngasse 3<br>3100 St. P\u00f6lten<\/p>\n\n\n\n<h3 class=\"wp-block-heading\">\u200b\u200bDisclaimer<\/h3>\n\n\n\n<p>S\u00e4mtliche Informationen, Dokumente oder anderen Angaben auf dieser Website unterliegen den nachfolgenden Bestimmungen. Bitte lesen Sie diese sorgf\u00e4ltig durch.<\/p>\n\n\n\n<h3 class=\"wp-block-heading\">\u200bGarantie\/Haftung<\/h3>\n\n\n\n<p>Zweck dieser Website ist die Informationsvermittlung \u00fcber das Unternehmen, dessen Dienstleistungen und Produkte. Sie stellt kein Angebot im rechtlichen Sinn dar. Die Website wurde nach bestem Wissen erarbeitet, doch wird keine Garantie daf\u00fcr \u00fcbernommen, dass die vermittelten Informationen fehlerfrei und vollst\u00e4ndig sind. Die Betreiberin beh\u00e4lt sich das Recht vor, die Website jederzeit zu erg\u00e4nzen oder Informationen zu \u00e4ndern oder zu l\u00f6schen. Die Betreiberin haftet in keinem Fall f\u00fcr allf\u00e4lligen direkten oder indirekten Schaden und f\u00fcr den Folgeschaden, welcher als Folge des Gebrauchs von Informationen und Material aus dieser Website oder durch Zugriff \u00fcber Links auf andere Webseiten entsteht. Die Betreiberin \u00fcbernimmt keine Garantie, dass Informationen, Software oder anderes Material, welche \u00fcber ihre Website zug\u00e4nglich sind, frei von Viren oder anderen sch\u00e4dlichen Komponenten sind.<\/p>\n","protected":false},"excerpt":{"rendered":"<p>Meine T\u00e4tigkeit unterliegt den gesetzlichen Bestimmungen des&nbsp;Psychotherapiegesetzes. Ich bin Mitglied bei:\u200b Inhaltliche Orientierung Ziel dieser Webseite ist die Information Interessierter \u00fcber die Dienstleistungsangebote von Monique Haslinger, MSc im Bereich Psychotherapie. F\u00fcr den Inhalt verantwortlich Monique Haslinger, MScPachmanngasse 33100 St. P\u00f6lten \u200b\u200bDisclaimer S\u00e4mtliche Informationen, Dokumente oder anderen Angaben auf dieser Website unterliegen den nachfolgenden Bestimmungen. Bitte [&hellip;]<\/p>\n","protected":false},"author":1,"featured_media":0,"parent":0,"menu_order":0,"comment_status":"closed","ping_status":"closed","template":"","meta":{"footnotes":""},"class_list":["post-37","page","type-page","status-publish","hentry"],"_links":{"self":[{"href":"https:\/\/praxisnovy.com\/index.php\/wp-json\/wp\/v2\/pages\/37","targetHints":{"allow":["GET"]}}],"collection":[{"href":"https:\/\/praxisnovy.com\/index.php\/wp-json\/wp\/v2\/pages"}],"about":[{"href":"https:\/\/praxisnovy.com\/index.php\/wp-json\/wp\/v2\/types\/page"}],"author":[{"embeddable":true,"href":"https:\/\/praxisnovy.com\/index.php\/wp-json\/wp\/v2\/users\/1"}],"replies":[{"embeddable":true,"href":"https:\/\/praxisnovy.com\/index.php\/wp-json\/wp\/v2\/comments?post=37"}],"version-history":[{"count":3,"href":"https:\/\/praxisnovy.com\/index.php\/wp-json\/wp\/v2\/pages\/37\/revisions"}],"predecessor-version":[{"id":85,"href":"https:\/\/praxisnovy.com\/index.php\/wp-json\/wp\/v2\/pages\/37\/revisions\/85"}],"wp:attachment":[{"href":"https:\/\/praxisnovy.com\/index.php\/wp-json\/wp\/v2\/media?parent=37"}],"curies":[{"name":"wp","href":"https:\/\/api.w.org\/{rel}","templated":true}]}}