{"id":45,"date":"2024-11-06T21:42:46","date_gmt":"2024-11-06T20:42:46","guid":{"rendered":"https:\/\/ptdhaslinger-20433.php.fhstp.cc\/?page_id=45"},"modified":"2026-03-27T22:07:59","modified_gmt":"2026-03-27T21:07:59","slug":"psychotherapiegruppe-fuer-erwachsene","status":"publish","type":"page","link":"https:\/\/praxisnovy.com\/index.php\/psychotherapiegruppe-fuer-erwachsene\/","title":{"rendered":"Psychotherapiegruppe &#8211; Erwachsene"},"content":{"rendered":"\n<div class=\"wp-block-columns is-layout-flex wp-container-core-columns-is-layout-28f84493 wp-block-columns-is-layout-flex\">\n<div class=\"wp-block-column is-layout-flow wp-block-column-is-layout-flow\" style=\"flex-basis:33.33%\">\n<figure class=\"wp-block-image size-full\"><img loading=\"lazy\" decoding=\"async\" width=\"959\" height=\"729\" src=\"https:\/\/ptdhaslinger-20433.php.fhstp.cc\/wp-content\/uploads\/2024\/11\/IMAGE-2023-12-10-21_16_11.png\" alt=\"\" class=\"wp-image-46\" srcset=\"https:\/\/praxisnovy.com\/wp-content\/uploads\/2024\/11\/IMAGE-2023-12-10-21_16_11.png 959w, https:\/\/praxisnovy.com\/wp-content\/uploads\/2024\/11\/IMAGE-2023-12-10-21_16_11-300x228.png 300w, https:\/\/praxisnovy.com\/wp-content\/uploads\/2024\/11\/IMAGE-2023-12-10-21_16_11-768x584.png 768w\" sizes=\"auto, (max-width: 959px) 100vw, 959px\" \/><\/figure>\n<\/div>\n\n\n\n<div class=\"wp-block-column is-layout-flow wp-block-column-is-layout-flow\" style=\"flex-basis:66.66%\">\n<p><em>Mit Maltherapeutischen Methoden&nbsp;<\/em><\/p>\n\n\n\n<p><\/p>\n\n\n\n<p><em>Die Teilnahme wird durch die \u00d6GK finanziert<\/em><\/p>\n\n\n\n<p><em>Zielgruppe: Erwachsene<\/em><\/p>\n<\/div>\n<\/div>\n\n\n\n<p><\/p>\n\n\n\n<p>Im Mittelpunkt stehen&nbsp;der Austausch von Erfahrungen innerhalb der Gruppe und eine kreative therapeutische Begleitung.<\/p>\n\n\n\n<h3 class=\"wp-block-heading\">Termine<\/h3>\n\n\n\n<p><strong>Dienstag (14-t\u00e4gig)<\/strong><br>9:30 &#8211; 12:30<\/p>\n\n\n\n<p>\u200b<strong>Verbindliche Anmeldung erforderlich!<\/strong><\/p>\n\n\n\n<p><\/p>\n\n\n\n<h3 class=\"wp-block-heading\">Themenschwerpunkte k\u00f6nnen sein:<\/h3>\n\n\n\n<ul class=\"wp-block-list\">\n<li>Identit\u00e4tsst\u00e4rkung (welche Gestaltung des Alltags ist f\u00fcr mich sinnstiftend)<\/li>\n\n\n\n<li>Kreativit\u00e4ts- und Ausdrucksf\u00f6rderung<\/li>\n\n\n\n<li>Ressourcenaktivierung<\/li>\n\n\n\n<li>Verbesserung der Wahrnehmung und Verwirklichung der Bed\u00fcrfnisse<\/li>\n\n\n\n<li>Selbstwert- und Selbstbewusstseinsst\u00e4rkung<\/li>\n\n\n\n<li>Strategien im Umgang mit Belastungsfaktoren<\/li>\n\n\n\n<li>St\u00e4rkung sozialer Kompetenzen (Abgrenzung \/ Kommunikation \/ Umgang mit Konflikten)<\/li>\n<\/ul>\n","protected":false},"excerpt":{"rendered":"<p>Mit Maltherapeutischen Methoden&nbsp; Die Teilnahme wird durch die \u00d6GK finanziert Zielgruppe: Erwachsene Im Mittelpunkt stehen&nbsp;der Austausch von Erfahrungen innerhalb der Gruppe und eine kreative therapeutische Begleitung. Termine Dienstag (14-t\u00e4gig)9:30 &#8211; 12:30 \u200bVerbindliche Anmeldung erforderlich! Themenschwerpunkte k\u00f6nnen sein:<\/p>\n","protected":false},"author":1,"featured_media":0,"parent":0,"menu_order":0,"comment_status":"closed","ping_status":"closed","template":"","meta":{"footnotes":""},"class_list":["post-45","page","type-page","status-publish","hentry"],"_links":{"self":[{"href":"https:\/\/praxisnovy.com\/index.php\/wp-json\/wp\/v2\/pages\/45","targetHints":{"allow":["GET"]}}],"collection":[{"href":"https:\/\/praxisnovy.com\/index.php\/wp-json\/wp\/v2\/pages"}],"about":[{"href":"https:\/\/praxisnovy.com\/index.php\/wp-json\/wp\/v2\/types\/page"}],"author":[{"embeddable":true,"href":"https:\/\/praxisnovy.com\/index.php\/wp-json\/wp\/v2\/users\/1"}],"replies":[{"embeddable":true,"href":"https:\/\/praxisnovy.com\/index.php\/wp-json\/wp\/v2\/comments?post=45"}],"version-history":[{"count":4,"href":"https:\/\/praxisnovy.com\/index.php\/wp-json\/wp\/v2\/pages\/45\/revisions"}],"predecessor-version":[{"id":91,"href":"https:\/\/praxisnovy.com\/index.php\/wp-json\/wp\/v2\/pages\/45\/revisions\/91"}],"wp:attachment":[{"href":"https:\/\/praxisnovy.com\/index.php\/wp-json\/wp\/v2\/media?parent=45"}],"curies":[{"name":"wp","href":"https:\/\/api.w.org\/{rel}","templated":true}]}}