{"id":52,"date":"2024-11-06T21:53:14","date_gmt":"2024-11-06T20:53:14","guid":{"rendered":"https:\/\/ptdhaslinger-20433.php.fhstp.cc\/?page_id=52"},"modified":"2026-03-27T22:08:15","modified_gmt":"2026-03-27T21:08:15","slug":"psychotherapiegruppe-fuer-kinder-und-jugendliche","status":"publish","type":"page","link":"https:\/\/praxisnovy.com\/index.php\/psychotherapiegruppe-fuer-kinder-und-jugendliche\/","title":{"rendered":"Psychotherapiegruppe &#8211; Kinder &amp; Jugendliche"},"content":{"rendered":"\n<p>Im Mittelpunkt stehen der Austausch von Erfahrungen innerhalb der Gruppe und eine kreative therapeutische Begleitung.<\/p>\n\n\n\n<p><\/p>\n\n\n\n<h3 class=\"wp-block-heading\">Kosten<\/h3>\n\n\n\n<p><em>Die Teilnahme wird durch die \u00d6GK finanziert<\/em>.<br>Verbindliche Anmeldung erforderlich!<\/p>\n\n\n\n<h3 class=\"wp-block-heading\">Termine<\/h3>\n\n\n\n<p><strong>Dienstag ( 1x im Monat )<\/strong><br>9:30 &#8211; 12:30<\/p>\n\n\n\n<h3 class=\"wp-block-heading\">Themenschwerpunkte k\u00f6nnen sein:<\/h3>\n\n\n\n<ul class=\"wp-block-list\">\n<li>Identit\u00e4tsst\u00e4rkung (welche Gestaltung des Alltags ist f\u00fcr mich sinnstiftend)<\/li>\n\n\n\n<li>Kreativit\u00e4ts- und Ausdrucksf\u00f6rderung<\/li>\n\n\n\n<li>Ressourcenaktivierung<\/li>\n\n\n\n<li>Verbesserung der Wahrnehmung und Verwirklichung der Bed\u00fcrfnisse<\/li>\n\n\n\n<li>Selbstwert- und Selbstbewusstseinsst\u00e4rkung<\/li>\n\n\n\n<li>Strategien im Umgang mit Belastungsfaktoren<\/li>\n\n\n\n<li>St\u00e4rkung sozialer Kompetenzen (Abgrenzung \/ Kommunikation \/ Umgang mit Konflikten)<\/li>\n<\/ul>\n","protected":false},"excerpt":{"rendered":"<p>Im Mittelpunkt stehen der Austausch von Erfahrungen innerhalb der Gruppe und eine kreative therapeutische Begleitung. Kosten Die Teilnahme wird durch die \u00d6GK finanziert.Verbindliche Anmeldung erforderlich! Termine Dienstag ( 1x im Monat )9:30 &#8211; 12:30 Themenschwerpunkte k\u00f6nnen sein:<\/p>\n","protected":false},"author":1,"featured_media":54,"parent":0,"menu_order":0,"comment_status":"closed","ping_status":"closed","template":"","meta":{"footnotes":""},"class_list":["post-52","page","type-page","status-publish","has-post-thumbnail","hentry"],"_links":{"self":[{"href":"https:\/\/praxisnovy.com\/index.php\/wp-json\/wp\/v2\/pages\/52","targetHints":{"allow":["GET"]}}],"collection":[{"href":"https:\/\/praxisnovy.com\/index.php\/wp-json\/wp\/v2\/pages"}],"about":[{"href":"https:\/\/praxisnovy.com\/index.php\/wp-json\/wp\/v2\/types\/page"}],"author":[{"embeddable":true,"href":"https:\/\/praxisnovy.com\/index.php\/wp-json\/wp\/v2\/users\/1"}],"replies":[{"embeddable":true,"href":"https:\/\/praxisnovy.com\/index.php\/wp-json\/wp\/v2\/comments?post=52"}],"version-history":[{"count":7,"href":"https:\/\/praxisnovy.com\/index.php\/wp-json\/wp\/v2\/pages\/52\/revisions"}],"predecessor-version":[{"id":94,"href":"https:\/\/praxisnovy.com\/index.php\/wp-json\/wp\/v2\/pages\/52\/revisions\/94"}],"wp:featuredmedia":[{"embeddable":true,"href":"https:\/\/praxisnovy.com\/index.php\/wp-json\/wp\/v2\/media\/54"}],"wp:attachment":[{"href":"https:\/\/praxisnovy.com\/index.php\/wp-json\/wp\/v2\/media?parent=52"}],"curies":[{"name":"wp","href":"https:\/\/api.w.org\/{rel}","templated":true}]}}